{"id":1364,"date":"2023-05-18T16:20:10","date_gmt":"2023-05-18T14:20:10","guid":{"rendered":"https:\/\/sadclsjo.com\/actualites\/"},"modified":"2025-06-23T17:46:55","modified_gmt":"2025-06-23T15:46:55","slug":"news","status":"publish","type":"page","link":"https:\/\/sadclsjo.com\/en\/news\/","title":{"rendered":"News"},"content":{"rendered":"","protected":false},"excerpt":{"rendered":"","protected":false},"author":1,"featured_media":0,"parent":0,"menu_order":0,"comment_status":"closed","ping_status":"closed","template":"Template-Nouvelles.php","meta":{"_acf_changed":false,"footnotes":""},"class_list":["post-1364","page","type-page","status-publish","hentry"],"acf":[],"yoast_head":"<!-- This site is optimized with the Yoast SEO plugin v24.5 - https:\/\/yoast.com\/wordpress\/plugins\/seo\/ -->\n<title>News - SADC Lac-Saint-Jean Ouest<\/title>\n<meta name=\"description\" content=\"La SADC Lac-St-Jean Ouest offre du financement accessible et un service-conseil personnalis\u00e9 aux entreprises de la MRC Domaine-du-Roy et de Mashteuiatsh.\" \/>\n<meta name=\"robots\" content=\"index, follow, max-snippet:-1, max-image-preview:large, max-video-preview:-1\" \/>\n<link rel=\"canonical\" href=\"https:\/\/sadclsjo.com\/en\/news\/\" \/>\n<meta property=\"og:locale\" content=\"en_US\" \/>\n<meta property=\"og:type\" content=\"article\" \/>\n<meta property=\"og:title\" content=\"News - SADC Lac-Saint-Jean Ouest\" \/>\n<meta property=\"og:description\" content=\"La SADC Lac-St-Jean Ouest offre du financement accessible et un service-conseil personnalis\u00e9 aux entreprises de la MRC Domaine-du-Roy et de Mashteuiatsh.\" \/>\n<meta property=\"og:url\" content=\"https:\/\/sadclsjo.com\/en\/news\/\" \/>\n<meta property=\"og:site_name\" content=\"SADC Lac-Saint-Jean Ouest\" \/>\n<meta property=\"article:publisher\" content=\"https:\/\/www.facebook.com\/sadclsjo\/?fref=ts\" \/>\n<meta property=\"article:modified_time\" content=\"2025-06-23T15:46:55+00:00\" \/>\n<meta property=\"og:image\" content=\"https:\/\/sadclsjo.com\/wp-content\/uploads\/2023\/12\/LogoSADCTexteDehor.png\" \/>\n\t<meta property=\"og:image:width\" content=\"1002\" \/>\n\t<meta property=\"og:image:height\" content=\"487\" \/>\n\t<meta property=\"og:image:type\" content=\"image\/png\" \/>\n<meta name=\"twitter:card\" content=\"summary_large_image\" \/>\n<script type=\"application\/ld+json\" class=\"yoast-schema-graph\">{\"@context\":\"https:\/\/schema.org\",\"@graph\":[{\"@type\":\"WebPage\",\"@id\":\"https:\/\/sadclsjo.com\/en\/news\/\",\"url\":\"https:\/\/sadclsjo.com\/en\/news\/\",\"name\":\"News - SADC Lac-Saint-Jean Ouest\",\"isPartOf\":{\"@id\":\"https:\/\/sadclsjo.com\/en\/#website\"},\"datePublished\":\"2023-05-18T14:20:10+00:00\",\"dateModified\":\"2025-06-23T15:46:55+00:00\",\"description\":\"La SADC Lac-St-Jean Ouest offre du financement accessible et un service-conseil personnalis\u00e9 aux entreprises de la MRC Domaine-du-Roy et de Mashteuiatsh.\",\"breadcrumb\":{\"@id\":\"https:\/\/sadclsjo.com\/en\/news\/#breadcrumb\"},\"inLanguage\":\"en-US\",\"potentialAction\":[{\"@type\":\"ReadAction\",\"target\":[\"https:\/\/sadclsjo.com\/en\/news\/\"]}]},{\"@type\":\"BreadcrumbList\",\"@id\":\"https:\/\/sadclsjo.com\/en\/news\/#breadcrumb\",\"itemListElement\":[{\"@type\":\"ListItem\",\"position\":1,\"name\":\"Accueil\",\"item\":\"https:\/\/sadclsjo.com\/en\/\"},{\"@type\":\"ListItem\",\"position\":2,\"name\":\"News\"}]},{\"@type\":\"WebSite\",\"@id\":\"https:\/\/sadclsjo.com\/en\/#website\",\"url\":\"https:\/\/sadclsjo.com\/en\/\",\"name\":\"SADC Lac-St-Jean Ouest\",\"description\":\"La SADC Lac-Saint-Jean Ouest offre du financement accessible et un service-conseil personnalis\u00e9 aux entreprises de la MRC Domaine-du-Roy et de Mashteuiatsh. Elle soutient \u00e9galement les communaut\u00e9s du territoire dans la r\u00e9alisation de leurs projets de d\u00e9veloppement local.\",\"publisher\":{\"@id\":\"https:\/\/sadclsjo.com\/en\/#organization\"},\"potentialAction\":[{\"@type\":\"SearchAction\",\"target\":{\"@type\":\"EntryPoint\",\"urlTemplate\":\"https:\/\/sadclsjo.com\/en\/?s={search_term_string}\"},\"query-input\":{\"@type\":\"PropertyValueSpecification\",\"valueRequired\":true,\"valueName\":\"search_term_string\"}}],\"inLanguage\":\"en-US\"},{\"@type\":\"Organization\",\"@id\":\"https:\/\/sadclsjo.com\/en\/#organization\",\"name\":\"SADC Lac-St-Jean Ouest\",\"url\":\"https:\/\/sadclsjo.com\/en\/\",\"logo\":{\"@type\":\"ImageObject\",\"inLanguage\":\"en-US\",\"@id\":\"https:\/\/sadclsjo.com\/en\/#\/schema\/logo\/image\/\",\"url\":\"https:\/\/sadclsjo.com\/wp-content\/uploads\/2023\/12\/LogoSADCTexteDehor.png\",\"contentUrl\":\"https:\/\/sadclsjo.com\/wp-content\/uploads\/2023\/12\/LogoSADCTexteDehor.png\",\"width\":1002,\"height\":487,\"caption\":\"SADC Lac-St-Jean Ouest\"},\"image\":{\"@id\":\"https:\/\/sadclsjo.com\/en\/#\/schema\/logo\/image\/\"},\"sameAs\":[\"https:\/\/www.facebook.com\/sadclsjo\/?fref=ts\",\"https:\/\/www.linkedin.com\/company\/sadc-lac-st-jean-ouest-inc.?trk=top_nav_home\"]}]}<\/script>\n<!-- \/ Yoast SEO plugin. -->","yoast_head_json":{"title":"News - SADC Lac-Saint-Jean Ouest","description":"La SADC Lac-St-Jean Ouest offre du financement accessible et un service-conseil personnalis\u00e9 aux entreprises de la MRC Domaine-du-Roy et de Mashteuiatsh.","robots":{"index":"index","follow":"follow","max-snippet":"max-snippet:-1","max-image-preview":"max-image-preview:large","max-video-preview":"max-video-preview:-1"},"canonical":"https:\/\/sadclsjo.com\/en\/news\/","og_locale":"en_US","og_type":"article","og_title":"News - SADC Lac-Saint-Jean Ouest","og_description":"La SADC Lac-St-Jean Ouest offre du financement accessible et un service-conseil personnalis\u00e9 aux entreprises de la MRC Domaine-du-Roy et de Mashteuiatsh.","og_url":"https:\/\/sadclsjo.com\/en\/news\/","og_site_name":"SADC Lac-Saint-Jean Ouest","article_publisher":"https:\/\/www.facebook.com\/sadclsjo\/?fref=ts","article_modified_time":"2025-06-23T15:46:55+00:00","og_image":[{"width":1002,"height":487,"url":"https:\/\/sadclsjo.com\/wp-content\/uploads\/2023\/12\/LogoSADCTexteDehor.png","type":"image\/png"}],"twitter_card":"summary_large_image","schema":{"@context":"https:\/\/schema.org","@graph":[{"@type":"WebPage","@id":"https:\/\/sadclsjo.com\/en\/news\/","url":"https:\/\/sadclsjo.com\/en\/news\/","name":"News - SADC Lac-Saint-Jean Ouest","isPartOf":{"@id":"https:\/\/sadclsjo.com\/en\/#website"},"datePublished":"2023-05-18T14:20:10+00:00","dateModified":"2025-06-23T15:46:55+00:00","description":"La SADC Lac-St-Jean Ouest offre du financement accessible et un service-conseil personnalis\u00e9 aux entreprises de la MRC Domaine-du-Roy et de Mashteuiatsh.","breadcrumb":{"@id":"https:\/\/sadclsjo.com\/en\/news\/#breadcrumb"},"inLanguage":"en-US","potentialAction":[{"@type":"ReadAction","target":["https:\/\/sadclsjo.com\/en\/news\/"]}]},{"@type":"BreadcrumbList","@id":"https:\/\/sadclsjo.com\/en\/news\/#breadcrumb","itemListElement":[{"@type":"ListItem","position":1,"name":"Accueil","item":"https:\/\/sadclsjo.com\/en\/"},{"@type":"ListItem","position":2,"name":"News"}]},{"@type":"WebSite","@id":"https:\/\/sadclsjo.com\/en\/#website","url":"https:\/\/sadclsjo.com\/en\/","name":"SADC Lac-St-Jean Ouest","description":"La SADC Lac-Saint-Jean Ouest offre du financement accessible et un service-conseil personnalis\u00e9 aux entreprises de la MRC Domaine-du-Roy et de Mashteuiatsh. Elle soutient \u00e9galement les communaut\u00e9s du territoire dans la r\u00e9alisation de leurs projets de d\u00e9veloppement local.","publisher":{"@id":"https:\/\/sadclsjo.com\/en\/#organization"},"potentialAction":[{"@type":"SearchAction","target":{"@type":"EntryPoint","urlTemplate":"https:\/\/sadclsjo.com\/en\/?s={search_term_string}"},"query-input":{"@type":"PropertyValueSpecification","valueRequired":true,"valueName":"search_term_string"}}],"inLanguage":"en-US"},{"@type":"Organization","@id":"https:\/\/sadclsjo.com\/en\/#organization","name":"SADC Lac-St-Jean Ouest","url":"https:\/\/sadclsjo.com\/en\/","logo":{"@type":"ImageObject","inLanguage":"en-US","@id":"https:\/\/sadclsjo.com\/en\/#\/schema\/logo\/image\/","url":"https:\/\/sadclsjo.com\/wp-content\/uploads\/2023\/12\/LogoSADCTexteDehor.png","contentUrl":"https:\/\/sadclsjo.com\/wp-content\/uploads\/2023\/12\/LogoSADCTexteDehor.png","width":1002,"height":487,"caption":"SADC Lac-St-Jean Ouest"},"image":{"@id":"https:\/\/sadclsjo.com\/en\/#\/schema\/logo\/image\/"},"sameAs":["https:\/\/www.facebook.com\/sadclsjo\/?fref=ts","https:\/\/www.linkedin.com\/company\/sadc-lac-st-jean-ouest-inc.?trk=top_nav_home"]}]}},"_links":{"self":[{"href":"https:\/\/sadclsjo.com\/en\/wp-json\/wp\/v2\/pages\/1364","targetHints":{"allow":["GET"]}}],"collection":[{"href":"https:\/\/sadclsjo.com\/en\/wp-json\/wp\/v2\/pages"}],"about":[{"href":"https:\/\/sadclsjo.com\/en\/wp-json\/wp\/v2\/types\/page"}],"author":[{"embeddable":true,"href":"https:\/\/sadclsjo.com\/en\/wp-json\/wp\/v2\/users\/1"}],"replies":[{"embeddable":true,"href":"https:\/\/sadclsjo.com\/en\/wp-json\/wp\/v2\/comments?post=1364"}],"version-history":[{"count":2,"href":"https:\/\/sadclsjo.com\/en\/wp-json\/wp\/v2\/pages\/1364\/revisions"}],"predecessor-version":[{"id":1406,"href":"https:\/\/sadclsjo.com\/en\/wp-json\/wp\/v2\/pages\/1364\/revisions\/1406"}],"wp:attachment":[{"href":"https:\/\/sadclsjo.com\/en\/wp-json\/wp\/v2\/media?parent=1364"}],"curies":[{"name":"wp","href":"https:\/\/api.w.org\/{rel}","templated":true}]}}